{"id":158,"date":"2024-05-01T23:28:06","date_gmt":"2024-05-01T22:28:06","guid":{"rendered":"http:\/\/192.168.1.36\/?page_id=158"},"modified":"2026-04-15T18:48:19","modified_gmt":"2026-04-15T17:48:19","slug":"home","status":"publish","type":"page","link":"https:\/\/www.familyfitnesscenter.it\/","title":{"rendered":"Home"},"content":{"rendered":"\n<h3 class=\"wp-block-heading has-text-align-center has-vivid-cyan-blue-color has-text-color has-link-color wp-elements-6a95d47a9ef8814fa8fd0b86ecf8ae1c\">FAMILY FITNESS CENTER<\/h3>\n\n\n\n<div class=\"wp-block-buttons is-content-justification-center is-layout-flex wp-container-core-buttons-is-layout-1 wp-block-buttons-is-layout-flex\">\n<div class=\"wp-block-button\"><a class=\"wp-block-button__link has-base-color has-pale-cyan-blue-background-color has-text-color has-background has-link-color wp-element-button\" href=\"https:\/\/www.familyfitnesscenter.it\/?page_id=44\" style=\"border-radius:20px\">VAI A FAMILY BEAUTY<\/a><\/div>\n<\/div>\n\n\n\n<div class=\"wp-block-group alignfull has-background has-global-padding is-layout-constrained wp-container-core-group-is-layout-1 wp-block-group-is-layout-constrained\" style=\"min-height:650px;background-image:url(&#039;https:\/\/www.familyfitnesscenter.it\/wp-content\/uploads\/2024\/06\/Home-e1714642965905.jpg&#039;);background-size:cover;\">\n<div style=\"height:240px\" aria-hidden=\"true\" class=\"wp-block-spacer\"><\/div>\n\n\n\n<h2 class=\"wp-block-heading alignfull has-text-align-center has-base-color has-text-color has-background has-link-color wp-elements-d6fae1e670772f5fe7c17fd106ffb6fd\" style=\"background-color:#8dd2fcc4;padding-top:0;padding-bottom:0\">FAMILY FITNESS CENTER<\/h2>\n\n\n\n<h6 class=\"wp-block-heading alignfull has-text-align-center has-base-color has-text-color has-background has-link-color wp-elements-9ef7ae2b673e014452fe0984b657de86\" style=\"background-color:#8dd2fcc4;margin-top:0;margin-bottom:0;padding-top:0;padding-bottom:0\"><br>&#8220;LA GIORNATA MIGLIORE E&#8217; QUELLA IN CUI NON HAI FATTO ALTRO CHE DEDICARE DEL TEMPO ALLA TUA SALUTE E ALLA TUA BELLEZZA &#8220;<\/h6>\n<\/div>\n\n\n\n<div style=\"height:25px\" aria-hidden=\"true\" class=\"wp-block-spacer\"><\/div>\n\n\n\n<figure class=\"wp-block-pullquote has-luminous-vivid-orange-color has-text-color has-link-color wp-elements-9ec5a63693de79c0d092faca1ef46738\"><blockquote><p>IN QUESTA PALESTRA E&#8217; OBBLIGATORIO IL CERTIFICATO MEDICO PER SPORT NON AGONISTICO CON ECG A RIPOSO GRAZIE <mark style=\"background-color:rgba(0, 0, 0, 0);color:#f20f2b\" class=\"has-inline-color\"> <\/mark><\/p><\/blockquote><\/figure>\n\n\n\n<div style=\"height:25px\" aria-hidden=\"true\" class=\"wp-block-spacer\"><\/div>\n\n\n\n<div class=\"wp-block-columns alignwide are-vertically-aligned-top is-layout-flex wp-container-core-columns-is-layout-1 wp-block-columns-is-layout-flex\">\n<div class=\"wp-block-column is-vertically-aligned-top is-layout-flow wp-block-column-is-layout-flow\" style=\"flex-basis:50%\">\n<h3 class=\"wp-block-heading has-vivid-cyan-blue-color has-text-color has-link-color wp-elements-9a08553e45dc1b65ad80597d1cfcc038\">REMISE EN FORME<\/h3>\n\n\n\n<p><\/p>\n\n\n\n<div style=\"height:25px\" aria-hidden=\"true\" class=\"wp-block-spacer\"><\/div>\n\n\n\n<figure class=\"wp-block-image size-large\"><img loading=\"lazy\" decoding=\"async\" width=\"1024\" height=\"1024\" src=\"https:\/\/www.familyfitnesscenter.it\/wp-content\/uploads\/2025\/05\/326373617_830780521352964_2199063889915861131_n-1024x1024.jpg\" alt=\"\" class=\"wp-image-2255\" srcset=\"https:\/\/www.familyfitnesscenter.it\/wp-content\/uploads\/2025\/05\/326373617_830780521352964_2199063889915861131_n-1024x1024.jpg 1024w, https:\/\/www.familyfitnesscenter.it\/wp-content\/uploads\/2025\/05\/326373617_830780521352964_2199063889915861131_n-300x300.jpg 300w, https:\/\/www.familyfitnesscenter.it\/wp-content\/uploads\/2025\/05\/326373617_830780521352964_2199063889915861131_n-150x150.jpg 150w, https:\/\/www.familyfitnesscenter.it\/wp-content\/uploads\/2025\/05\/326373617_830780521352964_2199063889915861131_n-768x768.jpg 768w, https:\/\/www.familyfitnesscenter.it\/wp-content\/uploads\/2025\/05\/326373617_830780521352964_2199063889915861131_n.jpg 1079w\" sizes=\"(max-width: 1024px) 100vw, 1024px\" \/><\/figure>\n<\/div>\n\n\n\n<div class=\"wp-block-column is-vertically-aligned-top is-layout-flow wp-block-column-is-layout-flow\" style=\"flex-basis:50%\">\n<h3 class=\"wp-block-heading has-vivid-cyan-blue-color has-text-color has-link-color wp-elements-ac495c275a96a38bd09bc99053ff7016\">PROMO PER IL MESE DI APRILE<\/h3>\n\n\n\n<div style=\"height:25px\" aria-hidden=\"true\" class=\"wp-block-spacer\"><\/div>\n\n\n\n<figure class=\"wp-block-gallery has-nested-images columns-default is-cropped wp-block-gallery-1 is-layout-flex wp-block-gallery-is-layout-flex\">\n<figure class=\"wp-block-image size-large\"><img loading=\"lazy\" decoding=\"async\" width=\"1024\" height=\"796\" src=\"https:\/\/www.familyfitnesscenter.it\/wp-content\/uploads\/2026\/04\/PROMO-PRESSO-E-RADIO-1024x796.jpg\" alt=\"\" class=\"wp-image-3012\" srcset=\"https:\/\/www.familyfitnesscenter.it\/wp-content\/uploads\/2026\/04\/PROMO-PRESSO-E-RADIO-1024x796.jpg 1024w, https:\/\/www.familyfitnesscenter.it\/wp-content\/uploads\/2026\/04\/PROMO-PRESSO-E-RADIO-300x233.jpg 300w, https:\/\/www.familyfitnesscenter.it\/wp-content\/uploads\/2026\/04\/PROMO-PRESSO-E-RADIO-768x597.jpg 768w, https:\/\/www.familyfitnesscenter.it\/wp-content\/uploads\/2026\/04\/PROMO-PRESSO-E-RADIO.jpg 1152w\" sizes=\"(max-width: 1024px) 100vw, 1024px\" \/><\/figure>\n<\/figure>\n<\/div>\n<\/div>\n\n\n\n<h3 class=\"wp-block-heading has-text-align-center has-vivid-cyan-blue-color has-text-color has-link-color wp-elements-a9b5b597634bb2ebad38a795d541fa37\">SCOPRI IL CENTRO<\/h3>\n\n\n\n<div class=\"wp-block-columns alignwide is-layout-flex wp-container-core-columns-is-layout-2 wp-block-columns-is-layout-flex\">\n<div class=\"wp-block-column is-layout-flow wp-block-column-is-layout-flow\" style=\"flex-basis:100%\">\n<div class=\"wp-block-gmedia-album gmedia-shortcode\"><div class=\"gmedia_gallery amron_module is_bot\" id=\"GmediaGallery_1\" data-gmid=\"1\" data-module=\"amron\"><script type=\"text\/javascript\">\n\t(function() {\n\t\tthis['GmediaGallery_1'] = {\n\t\t\t'settings':{\"collectionThumbRecomendedWidth\":\"260\",\"collectionPreloaderColor\":\"333333\",\"linkTargetWindow\":\"_blank\",\"thumbSpacing\":\"10\",\"tagsFilter\":\"1\",\"tagCloudAll\":\"All\",\"tagCloudTextColor\":\"rgba(0, 0, 0, 1)\",\"tagCloudTextColorOver\":\"rgba(255,255, 255, 1)\",\"tagCloudBgColor\":\"rgba(211, 211, 211, 1)\",\"tagCloudBgColorOver\":\"rgba(11, 11, 11, 1)\",\"collectionThumbHoverColor\":\"rgba(0, 0, 0, .7)\",\"collectionThumbContentBGColor\":\"rgba(245,245,245,1)\",\"collectionThumbTitleShow\":\"1\",\"collectionThumbTitleColor\":\"rgba(0,0,0,1)\",\"collectionThumbFontSize\":\"18\",\"collectionThumbDescriptionShow\":\"1\",\"collectionThumbDescriptionColor\":\"rgba(0,0,0,1)\",\"collectionThumbDescriptionFontSize\":\"15\",\"collectionReadMoreButtonLabel\":\"Read More\",\"collectionReadMoreButtonLabelColor\":\"rgba(255, 255, 255, 1)\",\"collectionReadMoreButtonBGColor\":\"rgba(0, 0, 0, 1)\",\"collectionReadMoreButtonLabelColorHover\":\"rgba(0, 0, 0, 1)\",\"collectionReadMoreButtonBGColorHover\":\"rgba(235,235,235,1)\",\"modaBgColor\":\"rgba(0,0,0,0.9)\",\"modalInfoBoxBgColor\":\"rgba(255,255,255,1)\",\"modalInfoBoxTitleTextColor\":\"000000\",\"modalInfoBoxTextColor\":\"333333\",\"infoBarCountersEnable\":\"1\",\"infoBarDateInfoEnable\":\"1\",\"lightBoxEnable\":\"1\",\"sliderPreloaderColor\":\"ffffff\",\"sliderBgColor\":\"rgba(0,0,0,0.8)\",\"sliderHeaderFooterBgColor\":\"000000\",\"sliderNavigationColor\":\"rgba(0,0,0,1)\",\"sliderNavigationIconColor\":\"rgba(255,255,255,1)\",\"sliderNavigationColorOver\":\"rgba(255,255,255,1)\",\"sliderNavigationIconColorOver\":\"rgba(0,0,0,1)\",\"sliderItemTitleFontSize\":\"24\",\"sliderItemTitleTextColor\":\"ffffff\",\"sliderThumbBarEnable\":\"0\",\"sliderThumbBarHoverColor\":\"ffffff\",\"sliderThumbSubMenuBackgroundColor\":\"rgba(0,0,0,1)\",\"sliderThumbSubMenuBackgroundColorOver\":\"rgba(255,255,255,1)\",\"sliderThumbSubMenuIconColor\":\"rgba(255,255,255,1)\",\"sliderThumbSubMenuIconHoverColor\":\"rgba(0,0,0,1)\",\"sliderInfoEnable\":\"1\",\"sliderItemDownload\":\"1\",\"sliderItemDiscuss\":\"1\",\"sliderSocialShareEnabled\":\"1\",\"sliderLikesEnabled\":\"1\",\"customCSS\":\"\",\"module_url\":\"https:\\\/\\\/www.familyfitnesscenter.it\\\/wp-content\\\/plugins\\\/grand-media\\\/module\\\/amron\",\"license\":\"\",\"post_url\":\"https:\\\/\\\/www.familyfitnesscenter.it?rest_route=wpv2pages158\"},\n\t\t\t'appQuery':{\"orderby\":\"ID\",\"order\":\"DESC\",\"album__in\":\"1\",\"status\":[\"publish\"],\"limit\":100},\n\t\t\t'appApi':\"https:\\\/\\\/www.familyfitnesscenter.it\\\/?gmedia-app=1&gmappversion=4&gmmodule=1\",\n\t\t\t'appInfo':{\"name\":\"Staff\",\"description\":\"\"}};\n\t})();\n<\/script>\n<\/div><\/div>\n<\/div>\n<\/div>\n\n\n\n<div style=\"height:25px\" aria-hidden=\"true\" class=\"wp-block-spacer\"><\/div>\n\n\n\n<div class=\"wp-block-group alignwide has-border-color has-vivid-cyan-blue-border-color has-global-padding is-layout-constrained wp-block-group-is-layout-constrained\" style=\"border-style:solid;border-width:4px\">\n<h3 class=\"wp-block-heading has-text-align-center has-vivid-cyan-blue-color has-text-color has-link-color wp-elements-73a3adebcb2a998f1dac17168d6cccf4\">LA NOSTRA MISSION<\/h3>\n\n\n\n<div class=\"wp-block-group has-global-padding is-layout-constrained wp-block-group-is-layout-constrained\" style=\"padding-right:var(--wp--preset--spacing--30);padding-left:var(--wp--preset--spacing--30)\">\n<p style=\"margin-top:0;margin-right:0;margin-bottom:0;margin-left:0;line-height:1.2\">Family Fitness Center viene ideata da Maria Vittoria Bui nel 1996, ed \u00e8 una garanzia di successo per le proposte mirate ad un pubblico esclusivamente femminile, curate da insegnanti ISEF\/FIF.<\/p>\n\n\n\n<p style=\"margin-top:0;margin-right:0;margin-bottom:0;margin-left:0;line-height:1.2\">Prima palestra a Pesaro dedicata totalmente al pubblico femminile.<br>Per tutto lo staff tecnico \u00e8 un piacere immenso poter lavorare con donne che fanno della loro passione il loro divertimento.<br>Family Fitness Center dal 2008 diventa anche Beauty Center prendendosi cura del tuo corpo in modo ancora pi\u00f9 completo proponendo insieme al programma fitness il programma beauty. Potrai rigenerare il tuo corpo tra le mani esperte della nostra estetista e trovare il tempo per dedicarti a te stessa e al tuo totale relax.<br>Il centro offre una vasta gamma di orari e di lezioni e propone allenamenti mirati per qualsiasi donna a qualsiasi et\u00e0.<br>Family Fitness collabora con la dietista dott.ssa Camilla Fraternale per programmi nutrizionali e protocolli alimentari specifici. <br><\/p>\n<\/div>\n<\/div>\n\n\n\n<div style=\"height:25px\" aria-hidden=\"true\" class=\"wp-block-spacer\"><\/div>\n\n\n\n<h3 class=\"wp-block-heading has-text-align-center has-vivid-cyan-blue-color has-text-color has-link-color wp-elements-82fa4360486657a69f78d19f266a13e1\">I NOSTRI CORSI<\/h3>\n\n\n\n<div class=\"wp-block-columns alignwide is-layout-flex wp-container-core-columns-is-layout-3 wp-block-columns-is-layout-flex\">\n<div class=\"wp-block-column is-layout-flow wp-block-column-is-layout-flow\" style=\"flex-basis:100%\">\n<div class=\"wp-block-gmedia-album gmedia-shortcode\"><div class=\"gmedia_gallery amron_module is_bot\" id=\"GmediaGallery_2\" data-gmid=\"2\" data-module=\"amron\"><script type=\"text\/javascript\">\n\t(function() {\n\t\tthis['GmediaGallery_2'] = {\n\t\t\t'settings':{\"collectionThumbRecomendedWidth\":\"260\",\"collectionPreloaderColor\":\"333333\",\"linkTargetWindow\":\"_blank\",\"thumbSpacing\":\"10\",\"tagsFilter\":\"1\",\"tagCloudAll\":\"All\",\"tagCloudTextColor\":\"rgba(0, 0, 0, 1)\",\"tagCloudTextColorOver\":\"rgba(255,255, 255, 1)\",\"tagCloudBgColor\":\"rgba(211, 211, 211, 1)\",\"tagCloudBgColorOver\":\"rgba(11, 11, 11, 1)\",\"collectionThumbHoverColor\":\"rgba(0, 0, 0, .7)\",\"collectionThumbContentBGColor\":\"rgba(245,245,245,1)\",\"collectionThumbTitleShow\":\"1\",\"collectionThumbTitleColor\":\"rgba(0,0,0,1)\",\"collectionThumbFontSize\":\"18\",\"collectionThumbDescriptionShow\":\"1\",\"collectionThumbDescriptionColor\":\"rgba(0,0,0,1)\",\"collectionThumbDescriptionFontSize\":\"15\",\"collectionReadMoreButtonLabel\":\"Read More\",\"collectionReadMoreButtonLabelColor\":\"rgba(255, 255, 255, 1)\",\"collectionReadMoreButtonBGColor\":\"rgba(0, 0, 0, 1)\",\"collectionReadMoreButtonLabelColorHover\":\"rgba(0, 0, 0, 1)\",\"collectionReadMoreButtonBGColorHover\":\"rgba(235,235,235,1)\",\"modaBgColor\":\"rgba(0,0,0,0.9)\",\"modalInfoBoxBgColor\":\"rgba(255,255,255,1)\",\"modalInfoBoxTitleTextColor\":\"000000\",\"modalInfoBoxTextColor\":\"333333\",\"infoBarCountersEnable\":\"1\",\"infoBarDateInfoEnable\":\"1\",\"lightBoxEnable\":\"1\",\"sliderPreloaderColor\":\"ffffff\",\"sliderBgColor\":\"rgba(0,0,0,0.8)\",\"sliderHeaderFooterBgColor\":\"000000\",\"sliderNavigationColor\":\"rgba(0,0,0,1)\",\"sliderNavigationIconColor\":\"rgba(255,255,255,1)\",\"sliderNavigationColorOver\":\"rgba(255,255,255,1)\",\"sliderNavigationIconColorOver\":\"rgba(0,0,0,1)\",\"sliderItemTitleFontSize\":\"24\",\"sliderItemTitleTextColor\":\"ffffff\",\"sliderThumbBarEnable\":\"0\",\"sliderThumbBarHoverColor\":\"ffffff\",\"sliderThumbSubMenuBackgroundColor\":\"rgba(0,0,0,1)\",\"sliderThumbSubMenuBackgroundColorOver\":\"rgba(255,255,255,1)\",\"sliderThumbSubMenuIconColor\":\"rgba(255,255,255,1)\",\"sliderThumbSubMenuIconHoverColor\":\"rgba(0,0,0,1)\",\"sliderInfoEnable\":\"1\",\"sliderItemDownload\":\"1\",\"sliderItemDiscuss\":\"1\",\"sliderSocialShareEnabled\":\"1\",\"sliderLikesEnabled\":\"1\",\"customCSS\":\"\",\"module_url\":\"https:\\\/\\\/www.familyfitnesscenter.it\\\/wp-content\\\/plugins\\\/grand-media\\\/module\\\/amron\",\"license\":\"\",\"post_url\":\"https:\\\/\\\/www.familyfitnesscenter.it?rest_route=wpv2pages158\"},\n\t\t\t'appQuery':{\"orderby\":\"ID\",\"order\":\"DESC\",\"album__in\":\"2\",\"status\":[\"publish\"],\"limit\":100},\n\t\t\t'appApi':\"https:\\\/\\\/www.familyfitnesscenter.it\\\/?gmedia-app=1&gmappversion=4&gmmodule=1\",\n\t\t\t'appInfo':{\"name\":\"Corsi\",\"description\":\"\"}};\n\t})();\n<\/script>\n<\/div><\/div>\n<\/div>\n<\/div>\n\n\n\n<div class=\"wp-block-buttons is-content-justification-center is-layout-flex wp-container-core-buttons-is-layout-2 wp-block-buttons-is-layout-flex\">\n<div class=\"wp-block-button\"><a class=\"wp-block-button__link has-base-color has-pale-cyan-blue-background-color has-text-color has-background has-link-color wp-element-button\" href=\"https:\/\/www.familyfitnesscenter.it\/?page_id=37\" style=\"border-radius:20px\">SCOPRI TUTTI I CORSI<\/a><\/div>\n<\/div>\n\n\n\n<div style=\"height:25px\" aria-hidden=\"true\" class=\"wp-block-spacer\"><\/div>\n\n\n\n<div class=\"wp-block-columns alignwide is-layout-flex wp-container-core-columns-is-layout-4 wp-block-columns-is-layout-flex\">\n<div class=\"wp-block-column is-layout-flow wp-block-column-is-layout-flow\" style=\"flex-basis:100%\">\n<div class=\"wp-block-gmedia-album gmedia-shortcode\"><div class=\"gmedia_gallery amron_module is_bot\" id=\"GmediaGallery_234\" data-gmid=\"234\" data-module=\"amron\"><script type=\"text\/javascript\">\n\t(function() {\n\t\tthis['GmediaGallery_234'] = {\n\t\t\t'settings':{\"collectionThumbRecomendedWidth\":\"260\",\"collectionPreloaderColor\":\"333333\",\"linkTargetWindow\":\"_blank\",\"thumbSpacing\":\"10\",\"tagsFilter\":\"1\",\"tagCloudAll\":\"All\",\"tagCloudTextColor\":\"rgba(0, 0, 0, 1)\",\"tagCloudTextColorOver\":\"rgba(255,255, 255, 1)\",\"tagCloudBgColor\":\"rgba(211, 211, 211, 1)\",\"tagCloudBgColorOver\":\"rgba(11, 11, 11, 1)\",\"collectionThumbHoverColor\":\"rgba(0, 0, 0, .7)\",\"collectionThumbContentBGColor\":\"rgba(245,245,245,1)\",\"collectionThumbTitleShow\":\"1\",\"collectionThumbTitleColor\":\"rgba(0,0,0,1)\",\"collectionThumbFontSize\":\"18\",\"collectionThumbDescriptionShow\":\"1\",\"collectionThumbDescriptionColor\":\"rgba(0,0,0,1)\",\"collectionThumbDescriptionFontSize\":\"15\",\"collectionReadMoreButtonLabel\":\"Read More\",\"collectionReadMoreButtonLabelColor\":\"rgba(255, 255, 255, 1)\",\"collectionReadMoreButtonBGColor\":\"rgba(0, 0, 0, 1)\",\"collectionReadMoreButtonLabelColorHover\":\"rgba(0, 0, 0, 1)\",\"collectionReadMoreButtonBGColorHover\":\"rgba(235,235,235,1)\",\"modaBgColor\":\"rgba(0,0,0,0.9)\",\"modalInfoBoxBgColor\":\"rgba(255,255,255,1)\",\"modalInfoBoxTitleTextColor\":\"000000\",\"modalInfoBoxTextColor\":\"333333\",\"infoBarCountersEnable\":\"1\",\"infoBarDateInfoEnable\":\"1\",\"lightBoxEnable\":\"1\",\"sliderPreloaderColor\":\"ffffff\",\"sliderBgColor\":\"rgba(0,0,0,0.8)\",\"sliderHeaderFooterBgColor\":\"000000\",\"sliderNavigationColor\":\"rgba(0,0,0,1)\",\"sliderNavigationIconColor\":\"rgba(255,255,255,1)\",\"sliderNavigationColorOver\":\"rgba(255,255,255,1)\",\"sliderNavigationIconColorOver\":\"rgba(0,0,0,1)\",\"sliderItemTitleFontSize\":\"24\",\"sliderItemTitleTextColor\":\"ffffff\",\"sliderThumbBarEnable\":\"0\",\"sliderThumbBarHoverColor\":\"ffffff\",\"sliderThumbSubMenuBackgroundColor\":\"rgba(0,0,0,1)\",\"sliderThumbSubMenuBackgroundColorOver\":\"rgba(255,255,255,1)\",\"sliderThumbSubMenuIconColor\":\"rgba(255,255,255,1)\",\"sliderThumbSubMenuIconHoverColor\":\"rgba(0,0,0,1)\",\"sliderInfoEnable\":\"1\",\"sliderItemDownload\":\"1\",\"sliderItemDiscuss\":\"1\",\"sliderSocialShareEnabled\":\"1\",\"sliderLikesEnabled\":\"1\",\"customCSS\":\"\",\"module_url\":\"https:\\\/\\\/www.familyfitnesscenter.it\\\/wp-content\\\/plugins\\\/grand-media\\\/module\\\/amron\",\"license\":\"\",\"post_url\":\"https:\\\/\\\/www.familyfitnesscenter.it?rest_route=wpv2pages158\"},\n\t\t\t'appQuery':{\"orderby\":\"ID\",\"order\":\"DESC\",\"album__in\":\"234\",\"status\":[\"publish\"],\"limit\":100},\n\t\t\t'appApi':\"https:\\\/\\\/www.familyfitnesscenter.it\\\/?gmedia-app=1&gmappversion=4&gmmodule=1\",\n\t\t\t'appInfo':{\"name\":\"Sala\",\"description\":\"\"}};\n\t})();\n<\/script>\n<\/div><\/div>\n<\/div>\n<\/div>\n\n\n\n<div style=\"height:25px\" aria-hidden=\"true\" class=\"wp-block-spacer\"><\/div>\n\n\n\n<h4 class=\"wp-block-heading has-text-align-center\">Regolamento sala pesi <\/h4>\n\n\n\n<ul>\n<li style=\"line-height:1.2\">L&#8217;accesso in sala pesi \u00e8 consentito solo con il certificato medico, istruttore Daniele Citterio (CELL 3458211185) \u00e8 vietato accedere alla sala quando \u00e8 assente.<br><\/li>\n\n\n\n<li style=\"margin-top:0;margin-bottom:0;padding-top:0;padding-bottom:0;line-height:1.2\">Il costo dell&#8217;abbonamento per 10 lezioni \u00e8 di euro 130,00 da saldare all&#8217;inizio dell&#8217;abbonamento in un&#8217;unica soluzione in segreteria, dove va ritirato il badge (\u20ac15,00) che andr\u00e0 timbrato ad ogni ingresso.<br><\/li>\n\n\n\n<li style=\"margin-top:0;margin-bottom:0;padding-top:0;padding-bottom:0;line-height:1.2\">Le lezioni in sala pesi si svolgono in small class, LE LEZIONI VANNO ESAURITE ENTRO 1 ANNO DALL&#8217;ABBONAMENTO<\/li>\n<\/ul>\n","protected":false},"excerpt":{"rendered":"<p>FAMILY FITNESS CENTER FAMILY FITNESS CENTER &#8220;LA GIORNATA MIGLIORE E&#8217; QUELLA IN CUI NON HAI FATTO ALTRO CHE DEDICARE DEL TEMPO ALLA TUA SALUTE E ALLA TUA BELLEZZA &#8220; IN QUESTA PALESTRA E&#8217; OBBLIGATORIO IL CERTIFICATO MEDICO PER SPORT NON AGONISTICO CON ECG A RIPOSO GRAZIE REMISE EN FORME PROMO PER IL MESE DI APRILE [&hellip;]<\/p>\n","protected":false},"author":1,"featured_media":0,"parent":0,"menu_order":0,"comment_status":"closed","ping_status":"closed","template":"","meta":{"footnotes":""},"featured_image_src":null,"_links":{"self":[{"href":"https:\/\/www.familyfitnesscenter.it\/index.php?rest_route=\/wp\/v2\/pages\/158"}],"collection":[{"href":"https:\/\/www.familyfitnesscenter.it\/index.php?rest_route=\/wp\/v2\/pages"}],"about":[{"href":"https:\/\/www.familyfitnesscenter.it\/index.php?rest_route=\/wp\/v2\/types\/page"}],"author":[{"embeddable":true,"href":"https:\/\/www.familyfitnesscenter.it\/index.php?rest_route=\/wp\/v2\/users\/1"}],"replies":[{"embeddable":true,"href":"https:\/\/www.familyfitnesscenter.it\/index.php?rest_route=%2Fwp%2Fv2%2Fcomments&post=158"}],"version-history":[{"count":84,"href":"https:\/\/www.familyfitnesscenter.it\/index.php?rest_route=\/wp\/v2\/pages\/158\/revisions"}],"predecessor-version":[{"id":3015,"href":"https:\/\/www.familyfitnesscenter.it\/index.php?rest_route=\/wp\/v2\/pages\/158\/revisions\/3015"}],"wp:attachment":[{"href":"https:\/\/www.familyfitnesscenter.it\/index.php?rest_route=%2Fwp%2Fv2%2Fmedia&parent=158"}],"curies":[{"name":"wp","href":"https:\/\/api.w.org\/{rel}","templated":true}]}}